{"id":2,"date":"2017-10-20T12:57:11","date_gmt":"2017-10-20T12:57:11","guid":{"rendered":"http:\/\/nachoastorga.com\/blog\/?page_id=2"},"modified":"2025-07-23T12:57:13","modified_gmt":"2025-07-23T10:57:13","slug":"about","status":"publish","type":"page","link":"https:\/\/nachoastorga.com\/blog\/about\/","title":{"rendered":"\u00bfQui\u00e9n soy?"},"content":{"rendered":"<p><a href=\"https:\/\/nachoastorga.com\/blog\/wp-content\/uploads\/2021\/11\/Captura-de-pantalla-2021-11-10-a-las-12.22.01.png\"><img loading=\"lazy\" class=\"size-medium wp-image-53 aligncenter\" src=\"https:\/\/nachoastorga.com\/blog\/wp-content\/uploads\/2021\/11\/Captura-de-pantalla-2021-11-10-a-las-12.22.01-287x300.png\" alt=\"Foto de Nacho Astorga\" width=\"287\" height=\"300\" srcset=\"https:\/\/nachoastorga.com\/blog\/wp-content\/uploads\/2021\/11\/Captura-de-pantalla-2021-11-10-a-las-12.22.01-287x300.png 287w, https:\/\/nachoastorga.com\/blog\/wp-content\/uploads\/2021\/11\/Captura-de-pantalla-2021-11-10-a-las-12.22.01-191x200.png 191w, https:\/\/nachoastorga.com\/blog\/wp-content\/uploads\/2021\/11\/Captura-de-pantalla-2021-11-10-a-las-12.22.01.png 698w\" sizes=\"(max-width: 287px) 100vw, 287px\" \/><\/a><\/p>\n<p>\u00a0<\/p>\n<p>Hola, soy <strong>Nacho Astorga<\/strong>, profesional del <strong>marketing tradicional y digita<\/strong>l en continua formaci\u00f3n, con amplia experiencia en la aplicaci\u00f3n de dichas materias en m\u00faltiples sectores. A destacar mis a\u00f1os en el sector discogr\u00e1fico (RCA, Virgin y EMI ), director de franquicia en cl\u00ednica dental , Project Manager de p\u00e1ginas web y de e-commerce, responsable de ticketing en promotoras de conciertos, consultor,&#8230;&#8230;.como v\u00e9is, variado.<\/p>\n<p>Apasionado de los datos, la anal\u00edtica y el <strong>Data Science<\/strong>. Muy, muy curioso por lo que salgo de mi zona de confort constantemente.<\/p>\n<p>Como<strong> Data Analyst<\/strong> \/<strong> Analista de datos<\/strong>, actualmente desarrollo mi carrera profesional en Vodafone ES, \u00a0en el departamento de <strong>Lead Management<\/strong> del canal de venta asistida.<\/p>\n<p>Me falta tiempo para leer e investigar todo lo que me gustar\u00eda, pero siempre encuentro un hueco para seguir aprendiendo, porque&#8230;.\u00bbNunca pienses que ya lo sabes todo\u00bb.<\/p>\n<p>No escribo este blog con la intenci\u00f3n de aleccionar , tan solo pretendo transmitir mis conocimientos y descubrimientos de una manera sencilla por si te son de utilidad.<\/p>\n<p>Si quieres saber algo m\u00e1s sobre mi experiencia profesional y mis aptitudes, <a href=\"https:\/\/www.linkedin.com\/in\/ignacio-astorga-ciruelos\/\">clicka aqu\u00ed<\/a>.<\/p>\n<p>\u00a1Muchas gracias por tu visita!<\/p>\n<p>\u00a0<\/p>\n\n\n<p><\/p>\n","protected":false},"excerpt":{"rendered":"<p>\u00a0 Hola, soy Nacho Astorga, profesional del marketing tradicional y digital en continua formaci\u00f3n, con amplia experiencia en la aplicaci\u00f3n de dichas materias en m\u00faltiples sectores. A destacar mis a\u00f1os en el sector discogr\u00e1fico (RCA, Virgin y EMI ), director de franquicia en cl\u00ednica dental , Project Manager de p\u00e1ginas &hellip;<\/p>\n","protected":false},"author":1,"featured_media":0,"parent":0,"menu_order":0,"comment_status":"closed","ping_status":"open","template":"","meta":[],"yoast_head":"<!-- This site is optimized with the Yoast SEO plugin v17.5 - https:\/\/yoast.com\/wordpress\/plugins\/seo\/ -->\n<title>\u00bfQui\u00e9n soy? - Blog Marketing y Data Science<\/title>\n<meta name=\"description\" content=\"Profesional del marketing tradicional y digital. Data Analyst. Apasionado de la anal\u00edtica, el Data Science y los datos.\" \/>\n<meta name=\"robots\" content=\"index, follow, max-snippet:-1, max-image-preview:large, max-video-preview:-1\" \/>\n<link rel=\"canonical\" href=\"https:\/\/nachoastorga.com\/blog\/about\/\" \/>\n<meta property=\"og:locale\" content=\"es_ES\" \/>\n<meta property=\"og:type\" content=\"article\" \/>\n<meta property=\"og:title\" content=\"\u00bfQui\u00e9n soy? - Blog Marketing y Data Science\" \/>\n<meta property=\"og:description\" content=\"Profesional del marketing tradicional y digital. Data Analyst. Apasionado de la anal\u00edtica, el Data Science y los datos.\" \/>\n<meta property=\"og:url\" content=\"https:\/\/nachoastorga.com\/blog\/about\/\" \/>\n<meta property=\"og:site_name\" content=\"Blog Marketing y Data Science\" \/>\n<meta property=\"article:modified_time\" content=\"2025-07-23T10:57:13+00:00\" \/>\n<meta property=\"og:image\" content=\"https:\/\/nachoastorga.com\/blog\/wp-content\/uploads\/2021\/11\/Captura-de-pantalla-2021-11-10-a-las-12.22.01-287x300.png\" \/>\n<meta name=\"twitter:card\" content=\"summary_large_image\" \/>\n<meta name=\"twitter:label1\" content=\"Tiempo de lectura\" \/>\n\t<meta name=\"twitter:data1\" content=\"2 minutos\" \/>\n<script type=\"application\/ld+json\" class=\"yoast-schema-graph\">{\"@context\":\"https:\/\/schema.org\",\"@graph\":[{\"@type\":\"WebSite\",\"@id\":\"https:\/\/nachoastorga.com\/blog\/#website\",\"url\":\"https:\/\/nachoastorga.com\/blog\/\",\"name\":\"Blog Marketing y Data Science\",\"description\":\"Nunca pienses que ya lo sabes todo\",\"potentialAction\":[{\"@type\":\"SearchAction\",\"target\":{\"@type\":\"EntryPoint\",\"urlTemplate\":\"https:\/\/nachoastorga.com\/blog\/?s={search_term_string}\"},\"query-input\":\"required name=search_term_string\"}],\"inLanguage\":\"es\"},{\"@type\":\"ImageObject\",\"@id\":\"https:\/\/nachoastorga.com\/blog\/about\/#primaryimage\",\"inLanguage\":\"es\",\"url\":\"https:\/\/nachoastorga.com\/blog\/wp-content\/uploads\/2021\/11\/Captura-de-pantalla-2021-11-10-a-las-12.22.01.png\",\"contentUrl\":\"https:\/\/nachoastorga.com\/blog\/wp-content\/uploads\/2021\/11\/Captura-de-pantalla-2021-11-10-a-las-12.22.01.png\",\"width\":698,\"height\":730,\"caption\":\"Foto de Nacho Astorga\"},{\"@type\":\"WebPage\",\"@id\":\"https:\/\/nachoastorga.com\/blog\/about\/#webpage\",\"url\":\"https:\/\/nachoastorga.com\/blog\/about\/\",\"name\":\"\\u00bfQui\\u00e9n soy? - Blog Marketing y Data Science\",\"isPartOf\":{\"@id\":\"https:\/\/nachoastorga.com\/blog\/#website\"},\"primaryImageOfPage\":{\"@id\":\"https:\/\/nachoastorga.com\/blog\/about\/#primaryimage\"},\"datePublished\":\"2017-10-20T12:57:11+00:00\",\"dateModified\":\"2025-07-23T10:57:13+00:00\",\"description\":\"Profesional del marketing tradicional y digital. Data Analyst. Apasionado de la anal\\u00edtica, el Data Science y los datos.\",\"breadcrumb\":{\"@id\":\"https:\/\/nachoastorga.com\/blog\/about\/#breadcrumb\"},\"inLanguage\":\"es\",\"potentialAction\":[{\"@type\":\"ReadAction\",\"target\":[\"https:\/\/nachoastorga.com\/blog\/about\/\"]}]},{\"@type\":\"BreadcrumbList\",\"@id\":\"https:\/\/nachoastorga.com\/blog\/about\/#breadcrumb\",\"itemListElement\":[{\"@type\":\"ListItem\",\"position\":1,\"name\":\"Portada\",\"item\":\"https:\/\/nachoastorga.com\/blog\/\"},{\"@type\":\"ListItem\",\"position\":2,\"name\":\"\\u00bfQui\\u00e9n soy?\"}]}]}<\/script>\n<!-- \/ Yoast SEO plugin. -->","yoast_head_json":{"title":"\u00bfQui\u00e9n soy? - Blog Marketing y Data Science","description":"Profesional del marketing tradicional y digital. Data Analyst. Apasionado de la anal\u00edtica, el Data Science y los datos.","robots":{"index":"index","follow":"follow","max-snippet":"max-snippet:-1","max-image-preview":"max-image-preview:large","max-video-preview":"max-video-preview:-1"},"canonical":"https:\/\/nachoastorga.com\/blog\/about\/","og_locale":"es_ES","og_type":"article","og_title":"\u00bfQui\u00e9n soy? - Blog Marketing y Data Science","og_description":"Profesional del marketing tradicional y digital. Data Analyst. Apasionado de la anal\u00edtica, el Data Science y los datos.","og_url":"https:\/\/nachoastorga.com\/blog\/about\/","og_site_name":"Blog Marketing y Data Science","article_modified_time":"2025-07-23T10:57:13+00:00","og_image":[{"url":"https:\/\/nachoastorga.com\/blog\/wp-content\/uploads\/2021\/11\/Captura-de-pantalla-2021-11-10-a-las-12.22.01-287x300.png"}],"twitter_card":"summary_large_image","twitter_misc":{"Tiempo de lectura":"2 minutos"},"schema":{"@context":"https:\/\/schema.org","@graph":[{"@type":"WebSite","@id":"https:\/\/nachoastorga.com\/blog\/#website","url":"https:\/\/nachoastorga.com\/blog\/","name":"Blog Marketing y Data Science","description":"Nunca pienses que ya lo sabes todo","potentialAction":[{"@type":"SearchAction","target":{"@type":"EntryPoint","urlTemplate":"https:\/\/nachoastorga.com\/blog\/?s={search_term_string}"},"query-input":"required name=search_term_string"}],"inLanguage":"es"},{"@type":"ImageObject","@id":"https:\/\/nachoastorga.com\/blog\/about\/#primaryimage","inLanguage":"es","url":"https:\/\/nachoastorga.com\/blog\/wp-content\/uploads\/2021\/11\/Captura-de-pantalla-2021-11-10-a-las-12.22.01.png","contentUrl":"https:\/\/nachoastorga.com\/blog\/wp-content\/uploads\/2021\/11\/Captura-de-pantalla-2021-11-10-a-las-12.22.01.png","width":698,"height":730,"caption":"Foto de Nacho Astorga"},{"@type":"WebPage","@id":"https:\/\/nachoastorga.com\/blog\/about\/#webpage","url":"https:\/\/nachoastorga.com\/blog\/about\/","name":"\u00bfQui\u00e9n soy? - Blog Marketing y Data Science","isPartOf":{"@id":"https:\/\/nachoastorga.com\/blog\/#website"},"primaryImageOfPage":{"@id":"https:\/\/nachoastorga.com\/blog\/about\/#primaryimage"},"datePublished":"2017-10-20T12:57:11+00:00","dateModified":"2025-07-23T10:57:13+00:00","description":"Profesional del marketing tradicional y digital. Data Analyst. Apasionado de la anal\u00edtica, el Data Science y los datos.","breadcrumb":{"@id":"https:\/\/nachoastorga.com\/blog\/about\/#breadcrumb"},"inLanguage":"es","potentialAction":[{"@type":"ReadAction","target":["https:\/\/nachoastorga.com\/blog\/about\/"]}]},{"@type":"BreadcrumbList","@id":"https:\/\/nachoastorga.com\/blog\/about\/#breadcrumb","itemListElement":[{"@type":"ListItem","position":1,"name":"Portada","item":"https:\/\/nachoastorga.com\/blog\/"},{"@type":"ListItem","position":2,"name":"\u00bfQui\u00e9n soy?"}]}]}},"_links":{"self":[{"href":"https:\/\/nachoastorga.com\/blog\/wp-json\/wp\/v2\/pages\/2"}],"collection":[{"href":"https:\/\/nachoastorga.com\/blog\/wp-json\/wp\/v2\/pages"}],"about":[{"href":"https:\/\/nachoastorga.com\/blog\/wp-json\/wp\/v2\/types\/page"}],"author":[{"embeddable":true,"href":"https:\/\/nachoastorga.com\/blog\/wp-json\/wp\/v2\/users\/1"}],"replies":[{"embeddable":true,"href":"https:\/\/nachoastorga.com\/blog\/wp-json\/wp\/v2\/comments?post=2"}],"version-history":[{"count":15,"href":"https:\/\/nachoastorga.com\/blog\/wp-json\/wp\/v2\/pages\/2\/revisions"}],"predecessor-version":[{"id":75,"href":"https:\/\/nachoastorga.com\/blog\/wp-json\/wp\/v2\/pages\/2\/revisions\/75"}],"wp:attachment":[{"href":"https:\/\/nachoastorga.com\/blog\/wp-json\/wp\/v2\/media?parent=2"}],"curies":[{"name":"wp","href":"https:\/\/api.w.org\/{rel}","templated":true}]}}